{"id":972,"date":"2018-10-09T17:30:57","date_gmt":"2018-10-09T15:30:57","guid":{"rendered":"https:\/\/planzer.swiss\/leimgruber\/dienstleistungen\/containerlogistik\/"},"modified":"2019-09-27T15:23:04","modified_gmt":"2019-09-27T13:23:04","slug":"logistique-des-conteneurs","status":"publish","type":"page","link":"https:\/\/www.paul-leimgruber.ch\/fr\/services\/logistique-des-conteneurs\/","title":{"rendered":"Logistique des conteneurs"},"content":{"rendered":"<p>[vc_row][vc_column][vc_column_text]<\/p>\n<h1>\u00abOh\u00e9, du bateau!\u00bb<\/h1>\n<p>Le transport routier du fret maritime est une activit\u00e9 particuli\u00e8re. Il s\u2019y concentre les exigences les plus \u00e9lev\u00e9es et les plus diverses: implantation id\u00e9ale, infrastructure appropri\u00e9e, v\u00e9hicules sp\u00e9cialement \u00e9quip\u00e9s, grande flexibilit\u00e9 et pr\u00e9caution maximale. C\u2019est pour toutes ces raisons que nous sommes fiers d\u2019appartenir aux groupes se situant \u00e0 la pointe de la logistique suisse des conteneurs.[\/vc_column_text][\/vc_column][\/vc_row][vc_row][vc_column][vc_column_text]<\/p>\n<h2>A bord, chacun y trouve son compte<\/h2>\n<p>Nous convoyons chaque ann\u00e9e 35\u00a0000\u00a0conteneurs de fret maritime dans toute la Suisse jusqu\u2019\u00e0 leur destination. Ceci est rendu possible par notre infrastructure pour conteneurs standards, high-cube, r\u00e9frig\u00e9r\u00e9s ou citernes, notre situation tout pr\u00e8s des ports rh\u00e9nans et des d\u00e9p\u00f4ts ferroviaires, nos v\u00e9hicules ultramodernes, nos d\u00e9cennies d\u2019exp\u00e9rience et notre efficacit\u00e9 in\u00e9gal\u00e9e. Chaque jour, nous d\u00e9chargeons des conteneurs sur nos rampes et palettisons les marchandises. Ensuite, soit nous distribuons celles-ci de mani\u00e8re conventionnelle, soit nous les stockons. Vous b\u00e9n\u00e9ficiez ainsi d\u2019un service tout-en-un. Cela vous facilite la t\u00e2che, favorise l\u2019efficacit\u00e9 et simplifie la supervision.[\/vc_column_text][\/vc_column][\/vc_row][vc_row][vc_column][vc_column_text]<\/p>\n<h2>Un penchant pour la mer<\/h2>\n<p>Nous transportons et entreposons tout ce qui devra ou a d\u00fb prendre la mer, peu importe ses dimensions: 20, 40, ou m\u00eame 45 pieds. Nous sommes m\u00eame \u00e9quip\u00e9s pour les conteneurs de mati\u00e8res dangereuses de toute sorte. Seule la classe 7 (mati\u00e8res dangereuses radioactives) n\u2019est pas prise en charge par nos services. Par ailleurs, nous transportons les produits pharmaceutiques conform\u00e9ment aux directives GDP actuelles, qui pr\u00e9voient des r\u00e8gles strictes pour la surveillance des temp\u00e9ratures. Nous assurons leur contr\u00f4le par un enregistrement continu, qui commence \u00e0 l\u2019enl\u00e8vement et se termine \u00e0 la livraison.[\/vc_column_text][\/vc_column][\/vc_row]<\/p>\n","protected":false},"excerpt":{"rendered":"<p>[vc_row][vc_column][vc_column_text] \u00abOh\u00e9, du bateau!\u00bb Le transport routier du fret maritime [&hellip;]<\/p>\n","protected":false},"author":3,"featured_media":0,"parent":936,"menu_order":2,"comment_status":"closed","ping_status":"closed","template":"","meta":{"inline_featured_image":false,"footnotes":""},"_links":{"self":[{"href":"https:\/\/www.paul-leimgruber.ch\/fr\/wp-json\/wp\/v2\/pages\/972"}],"collection":[{"href":"https:\/\/www.paul-leimgruber.ch\/fr\/wp-json\/wp\/v2\/pages"}],"about":[{"href":"https:\/\/www.paul-leimgruber.ch\/fr\/wp-json\/wp\/v2\/types\/page"}],"author":[{"embeddable":true,"href":"https:\/\/www.paul-leimgruber.ch\/fr\/wp-json\/wp\/v2\/users\/3"}],"replies":[{"embeddable":true,"href":"https:\/\/www.paul-leimgruber.ch\/fr\/wp-json\/wp\/v2\/comments?post=972"}],"version-history":[{"count":0,"href":"https:\/\/www.paul-leimgruber.ch\/fr\/wp-json\/wp\/v2\/pages\/972\/revisions"}],"up":[{"embeddable":true,"href":"https:\/\/www.paul-leimgruber.ch\/fr\/wp-json\/wp\/v2\/pages\/936"}],"wp:attachment":[{"href":"https:\/\/www.paul-leimgruber.ch\/fr\/wp-json\/wp\/v2\/media?parent=972"}],"curies":[{"name":"wp","href":"https:\/\/api.w.org\/{rel}","templated":true}]}}