{"id":956,"date":"2018-10-09T17:31:27","date_gmt":"2018-10-09T15:31:27","guid":{"rendered":"https:\/\/planzer.swiss\/leimgruber\/dienstleistungen\/raederlogistik\/"},"modified":"2019-04-08T21:20:34","modified_gmt":"2019-04-08T19:20:34","slug":"logistique-des-roues","status":"publish","type":"page","link":"https:\/\/www.paul-leimgruber.ch\/fr\/services\/logistique-des-roues\/","title":{"rendered":"Logistique des roues"},"content":{"rendered":"<p>[vc_row][vc_column][vc_column_text]<\/p>\n<h1>Tout tourne rond avec notre logistique des roues<\/h1>\n<p>Nous mettons en \u0153uvre une logistique professionnelle pour les roues des ateliers automobiles de la r\u00e9gion b\u00e2loise. Nous stockons jusqu\u2019\u00e0 la saison suivante plus de 30 000 roues compl\u00e8tes, sur jantes, dans des \u00e9tag\u00e8res hautes sp\u00e9cialement con\u00e7ues pour tout ce que le march\u00e9 compte de marques renomm\u00e9es. Mais un h\u00f4tel pour roues se doit d\u2019offrir bien mieux que juste un peu d\u2019espace. A cela s\u2019ajoutent donc notre savoir-faire, notre infrastructure d\u00e9di\u00e9e, une pr\u00e9paration rapide, un transport s\u00fbr et des prestations additionnelles comme le nettoyage de roues par ultrasons, le plus \u00e9cologique et le plus moderne qui soit.[\/vc_column_text][\/vc_column][\/vc_row][vc_row][vc_column width=\u00a0\u00bb1\/2&Prime;][vc_column_text]<\/p>\n<h2>Pour vous, r\u00e9inventer la roue<\/h2>\n<p>Mais ce n\u2019est pas tout! Notre h\u00f4tel pour roues vous offre une s\u00e9rie d\u2019avantages suppl\u00e9mentaires:<\/p>\n<ul style=\"list-style-type: square;\">\n<li>Vous all\u00e9gez la charge de travail des collaborateurs de votre atelier.<\/li>\n<li>Vous utilisez gratuitement notre chariot pour le transport des roues. Nous le mettons m\u00eame \u00e0 la disposition de nos nouveaux clients avant la saison du changement de roues.<\/li>\n<li>Command\u00e9 aujourd\u2019hui, livr\u00e9 demain: vous pouvez commander chaque jeu de roues stock\u00e9 chez nous pour le lendemain.<\/li>\n<li>Nous nous chargeons d\u2019un transbordement s\u00fbr et continu, du d\u00e9montage jusqu\u2019au stockage.<\/li>\n<li>Gr\u00e2ce \u00e0 nos \u00e9tiquettes de transport et de stockage, vous pouvez identifier vos roues \u00e0 tout moment avec certitude.<\/li>\n<li>La qualit\u00e9 des pneus et des jantes est pr\u00e9serv\u00e9e au mieux gr\u00e2ce \u00e0 nos conditions de stockage de premi\u00e8re classe.<\/li>\n<li>Vous n\u2019immobilisez pas inutilement votre capital dans la construction d\u2019un espace de stockage.<\/li>\n<li>Vous gardez \u00e0 l\u2019\u0153il l\u2019\u00e9tat de vos roues et le moindre de leur mouvement gr\u00e2ce \u00e0 notre gestion \u00e9lectronique des pneus.<\/li>\n<\/ul>\n<p>[\/vc_column_text][\/vc_column][vc_column width=\u00a0\u00bb1\/2&Prime;][vc_column_text]<\/p>\n<h2 style=\"background: white; margin: 0cm 0cm 2.4pt 0cm;\">Plus d\u2019efficacit\u00e9 pour votre entreprise? \u00c7a roule!<\/h2>\n<p>Avec notre logistique des roues, vous \u00eates encore plus efficace et meilleur march\u00e9. Nous soulageons votre assistance de service au cours de la phase tr\u00e8s charg\u00e9e du changement de roues saisonnier. Vous gagnez du temps et de la disponibilit\u00e9 pour votre c\u0153ur de m\u00e9tier. Ce gain de temps, il est m\u00eame possible de le chiffrer: nous vous \u00e9pargnons 45 minutes de travail pour chaque mandat de changement et de stockage de roues. Si vous nous confiez la logistique de vos roues, votre potentiel d\u2019\u00e9conomies augmente, exp\u00e9rience faite, d\u2019au moins 25%. En plus de nos connaissances en la mati\u00e8re, nous utilisons \u00e9galement une interface ultramoderne avec votre syst\u00e8me de rendez-vous.[\/vc_column_text][\/vc_column][\/vc_row]<\/p>\n","protected":false},"excerpt":{"rendered":"<p>[vc_row][vc_column][vc_column_text] Tout tourne rond avec notre logistique des roues Nous [&hellip;]<\/p>\n","protected":false},"author":3,"featured_media":0,"parent":936,"menu_order":4,"comment_status":"closed","ping_status":"closed","template":"","meta":{"inline_featured_image":false,"footnotes":""},"_links":{"self":[{"href":"https:\/\/www.paul-leimgruber.ch\/fr\/wp-json\/wp\/v2\/pages\/956"}],"collection":[{"href":"https:\/\/www.paul-leimgruber.ch\/fr\/wp-json\/wp\/v2\/pages"}],"about":[{"href":"https:\/\/www.paul-leimgruber.ch\/fr\/wp-json\/wp\/v2\/types\/page"}],"author":[{"embeddable":true,"href":"https:\/\/www.paul-leimgruber.ch\/fr\/wp-json\/wp\/v2\/users\/3"}],"replies":[{"embeddable":true,"href":"https:\/\/www.paul-leimgruber.ch\/fr\/wp-json\/wp\/v2\/comments?post=956"}],"version-history":[{"count":0,"href":"https:\/\/www.paul-leimgruber.ch\/fr\/wp-json\/wp\/v2\/pages\/956\/revisions"}],"up":[{"embeddable":true,"href":"https:\/\/www.paul-leimgruber.ch\/fr\/wp-json\/wp\/v2\/pages\/936"}],"wp:attachment":[{"href":"https:\/\/www.paul-leimgruber.ch\/fr\/wp-json\/wp\/v2\/media?parent=956"}],"curies":[{"name":"wp","href":"https:\/\/api.w.org\/{rel}","templated":true}]}}