{"id":950,"date":"2018-10-09T17:31:35","date_gmt":"2018-10-09T15:31:35","guid":{"rendered":"https:\/\/planzer.swiss\/leimgruber\/dienstleistungen\/lagerlogistik\/"},"modified":"2021-04-09T11:04:53","modified_gmt":"2021-04-09T09:04:53","slug":"logistique-d-entreposage","status":"publish","type":"page","link":"https:\/\/www.paul-leimgruber.ch\/fr\/services\/logistique-d-entreposage\/","title":{"rendered":"Logistique d\u2019entreposage"},"content":{"rendered":"<p>[vc_row][vc_column][vc_column_text]<\/p>\n<h1>Une logistique d\u2019entreposage pour chaque demande<\/h1>\n<p>Nous avons en stock plusieurs gammes de services pour vos demandes logistiques. Nous r\u00e9pondons par exemple \u00e0 toutes les demandes de solution compl\u00e8te pour la logistique d\u2019entreposage. Cela vous apporte plusieurs avantages: vous n\u2019immobilisez pas inutilement votre capital dans des entrep\u00f4ts de stockage et vous \u00e9pargnez d\u2019importants frais fixes. Vous louez des surfaces avec flexibilit\u00e9 lorsque l\u2019activit\u00e9 enregistre des fluctuations saisonni\u00e8res. Nous stockons \u00e9galement vos marchandises suivant leur groupe sur les surfaces appropri\u00e9es.[\/vc_column_text][\/vc_column][\/vc_row][vc_row][vc_column width=\u00a0\u00bb1\/2&Prime;][vc_column_text]<\/p>\n<h2>De part et d\u2019autre de la fronti\u00e8re<\/h2>\n<p>Les entreprises commerciales perdent souvent un temps pr\u00e9cieux \u00e0 la douane. Pas avec nous. Pour que la voie officielle soit plus rapide, nos experts en douane mettent leurs longues ann\u00e9es d\u2019exp\u00e9rience \u00e0 votre service. Pour le transport international de vos marchandises, nous disposons de l\u2019agr\u00e9ment pour le traitement douanier (statuts exp\u00e9diteur\/destinataire agr\u00e9\u00e9). Cela s\u2019applique \u00e0 l\u2019importation comme \u00e0 l\u2019exportation.[\/vc_column_text][\/vc_column][vc_column width=\u00a0\u00bb1\/2&Prime;][vc_column_text]<\/p>\n<h2>Transit dans toutes les directions<\/h2>\n<p>Nous gardons vos envois jusqu\u2019au moment o\u00f9 ils doivent poursuivre leur route et les regroupons pour la livraison \u00e0 venir. En particulier lorsqu\u2019ils doivent faire l\u2019objet d\u2019une distribution fine et d\u00e9centralis\u00e9e selon vos instructions. Les prestations additionnelles telles que pesage, mesure, neutralisation, marquage ou plastification sont bien entendu possibles \u00e0 tout moment.[\/vc_column_text][\/vc_column][\/vc_row][vc_row][vc_column width=\u00a0\u00bb1\/2&Prime;][vc_column_text]<\/p>\n<h2>H\u00f4tes de longue dur\u00e9e bienvenus<\/h2>\n<p>Nos entrep\u00f4ts \u00e0 rayonnages et empilage sont syst\u00e9matiquement g\u00e9r\u00e9s et organis\u00e9s \u00e9lectroniquement. Vous pouvez ainsi travailler avec efficacit\u00e9 et garder \u00e0 l\u2019\u0153il ce qui se trouve chez nous. Nous stockons vos mati\u00e8res dangereuses s\u00e9par\u00e9ment dans des cabines. Nous conservons les biens de valeurs tels que les \u0153uvres d\u2019art ou meubles design dans des zones de stockage s\u00e9curis\u00e9es sous surveillance vid\u00e9o renforc\u00e9e.[\/vc_column_text][\/vc_column][vc_column width=\u00a0\u00bb1\/2&Prime;][vc_column_text]<\/p>\n<h2>Pr\u00eat pour la prochaine tourn\u00e9e<\/h2>\n<p>Reconditionnement, \u00e9tiquetage de prix, \u00e9chantillonnage, confection, pr\u00e9paration et pose des \u00e9tiquettes de codes \u00e0 barres et d\u2019exp\u00e9dition, pr\u00e9paration des listes d\u2019enl\u00e8vement: rien n\u2019est trop compliqu\u00e9 lorsque nous nous occupons de vos marchandises. Nous g\u00e9rons \u00e9galement sur demande l\u2019int\u00e9gralit\u00e9 de la gestion du stock et des commandes. Si vous pr\u00e9f\u00e9rez vous en charger vous-m\u00eame, gardez le contr\u00f4le gr\u00e2ce \u00e0 <a href=\"https:\/\/planzer.swiss\/leimgruber\/fr\/services\/portail-client\/\">votre acc\u00e8s en ligne personnalis\u00e9<\/a>, g\u00e9rez vos donn\u00e9es de base et vos mandats administratifs ou g\u00e9n\u00e9rez des statistiques.[\/vc_column_text][\/vc_column][\/vc_row]<\/p>\n","protected":false},"excerpt":{"rendered":"<p>[vc_row][vc_column][vc_column_text] Une logistique d\u2019entreposage pour chaque demande Nous avons en [&hellip;]<\/p>\n","protected":false},"author":3,"featured_media":0,"parent":936,"menu_order":3,"comment_status":"closed","ping_status":"closed","template":"","meta":{"inline_featured_image":false,"footnotes":""},"_links":{"self":[{"href":"https:\/\/www.paul-leimgruber.ch\/fr\/wp-json\/wp\/v2\/pages\/950"}],"collection":[{"href":"https:\/\/www.paul-leimgruber.ch\/fr\/wp-json\/wp\/v2\/pages"}],"about":[{"href":"https:\/\/www.paul-leimgruber.ch\/fr\/wp-json\/wp\/v2\/types\/page"}],"author":[{"embeddable":true,"href":"https:\/\/www.paul-leimgruber.ch\/fr\/wp-json\/wp\/v2\/users\/3"}],"replies":[{"embeddable":true,"href":"https:\/\/www.paul-leimgruber.ch\/fr\/wp-json\/wp\/v2\/comments?post=950"}],"version-history":[{"count":0,"href":"https:\/\/www.paul-leimgruber.ch\/fr\/wp-json\/wp\/v2\/pages\/950\/revisions"}],"up":[{"embeddable":true,"href":"https:\/\/www.paul-leimgruber.ch\/fr\/wp-json\/wp\/v2\/pages\/936"}],"wp:attachment":[{"href":"https:\/\/www.paul-leimgruber.ch\/fr\/wp-json\/wp\/v2\/media?parent=950"}],"curies":[{"name":"wp","href":"https:\/\/api.w.org\/{rel}","templated":true}]}}