{"id":942,"date":"2018-10-09T17:30:41","date_gmt":"2018-10-09T15:30:41","guid":{"rendered":"https:\/\/planzer.swiss\/leimgruber\/dienstleistungen\/transport\/"},"modified":"2019-04-01T13:34:50","modified_gmt":"2019-04-01T11:34:50","slug":"transport","status":"publish","type":"page","link":"https:\/\/www.paul-leimgruber.ch\/fr\/services\/transport\/","title":{"rendered":"Transport"},"content":{"rendered":"<p>[vc_row][vc_column][vc_column_text]<\/p>\n<h1>Transport \u00e0 la demande<\/h1>\n<p>Pr\u00e8s de 1000 tonnes de marchandises passent quotidiennement par notre zone de transbordement. Nous les acheminons avec pr\u00e9caution dans toute la Suisse. En retour, nous emportons avec nous tout ce qui doit quitter le territoire. Nous pouvons traiter consciencieusement et rapidement cet \u00e9norme volume parce que nous disposons d\u2019un r\u00e9seau national de transport sophistiqu\u00e9, du mat\u00e9riel roulant appropri\u00e9 et des meilleurs professionnels du transport. En outre, nous connaissons vos souhaits aussi bien que chaque kilom\u00e8tre des routes suisses que nous empruntons.[\/vc_column_text][\/vc_column][\/vc_row][vc_row css=\u00a0\u00bb.vc_custom_1545079113431{margin-right: -900px !important;margin-left: -900px !important;padding-top: 15px !important;padding-right: 890px !important;padding-bottom: 15px !important;padding-left: 890px !important;background-color: #e9eaee !important;}\u00a0\u00bb][vc_column width=\u00a0\u00bb1\/2&Prime;][vc_column_text]<\/p>\n<h2>Le produit STANDARD<\/h2>\n<p style=\"margin: 0cm; margin-bottom: .0001pt; text-align: justify;\">Avec le produit STANDARD, nous livrons vos envois dans le d\u00e9lai habituel de 24 heures le jour suivant la prise en charge, dans toute la Suisse et au Liechtenstein. Pour les zones p\u00e9riph\u00e9riques, les d\u00e9lais sont convenus apr\u00e8s accord. Si vous souhaitez que nous livrions votre marchandise plus tard, c\u2019est \u00e9galement possible \u00e0 tout moment. C\u2019est toujours vous qui d\u00e9cidez.<\/p>\n<p>[\/vc_column_text][\/vc_column][vc_column width=\u00a0\u00bb1\/2&Prime;][vc_column_text]<\/p>\n<h2>Le mode EXPRESS<\/h2>\n<p style=\"margin: 0cm; margin-bottom: .0001pt; text-align: justify;\">Le mode EXPRESS se destine au traitement des demandes urgentes. Nous effectuons en effet des transports collectifs \u00e0 la demande. Les exp\u00e9ditions particuli\u00e8rement urgentes arrivent directement \u00e0 destination, dans toute la Suisse et en dehors des tourn\u00e9es r\u00e9guli\u00e8res. Nous utilisons pour ce faire des v\u00e9hicules l\u00e9gers ou des trains routiers selon chaque volume et trajet. De plus, nous vous informons automatiquement une fois que nous avons livr\u00e9 la marchandise.<\/p>\n<p>[\/vc_column_text][\/vc_column][\/vc_row][vc_row][vc_column][vc_column_text]<\/p>\n<h2>S\u00fbr et naturel<\/h2>\n<p style=\"margin: 0cm; margin-bottom: .0001pt; text-align: justify; background: white;\">La s\u00e9curit\u00e9 routi\u00e8re est pour nous tr\u00e8s importante. Nous investissons \u00e9norm\u00e9ment dans la modernisation de notre flotte, ainsi que dans la formation initiale et continue de nos routiers professionnels. Nous pensons aussi \u00e0 l\u2019environnement. A ce titre, le groupe Planzer, tout comme Leimgruber, confie chaque ann\u00e9e 60% de ses marchandises au r\u00e9seau ferr\u00e9, faible en \u00e9missions. Notre empreinte CO2 s\u2019en voit r\u00e9duite de 300 tonnes, c\u2019est-\u00e0-dire de 35%.<\/p>\n<p>[\/vc_column_text][\/vc_column][\/vc_row]<\/p>\n","protected":false},"excerpt":{"rendered":"<p>[vc_row][vc_column][vc_column_text] Transport \u00e0 la demande Pr\u00e8s de 1000 tonnes de [&hellip;]<\/p>\n","protected":false},"author":3,"featured_media":0,"parent":936,"menu_order":1,"comment_status":"closed","ping_status":"closed","template":"","meta":{"inline_featured_image":false,"footnotes":""},"_links":{"self":[{"href":"https:\/\/www.paul-leimgruber.ch\/fr\/wp-json\/wp\/v2\/pages\/942"}],"collection":[{"href":"https:\/\/www.paul-leimgruber.ch\/fr\/wp-json\/wp\/v2\/pages"}],"about":[{"href":"https:\/\/www.paul-leimgruber.ch\/fr\/wp-json\/wp\/v2\/types\/page"}],"author":[{"embeddable":true,"href":"https:\/\/www.paul-leimgruber.ch\/fr\/wp-json\/wp\/v2\/users\/3"}],"replies":[{"embeddable":true,"href":"https:\/\/www.paul-leimgruber.ch\/fr\/wp-json\/wp\/v2\/comments?post=942"}],"version-history":[{"count":0,"href":"https:\/\/www.paul-leimgruber.ch\/fr\/wp-json\/wp\/v2\/pages\/942\/revisions"}],"up":[{"embeddable":true,"href":"https:\/\/www.paul-leimgruber.ch\/fr\/wp-json\/wp\/v2\/pages\/936"}],"wp:attachment":[{"href":"https:\/\/www.paul-leimgruber.ch\/fr\/wp-json\/wp\/v2\/media?parent=942"}],"curies":[{"name":"wp","href":"https:\/\/api.w.org\/{rel}","templated":true}]}}