{"id":936,"date":"2018-10-09T17:29:51","date_gmt":"2018-10-09T15:29:51","guid":{"rendered":"https:\/\/planzer.swiss\/leimgruber\/dienstleistungen\/"},"modified":"2019-04-03T13:06:14","modified_gmt":"2019-04-03T11:06:14","slug":"services","status":"publish","type":"page","link":"https:\/\/www.paul-leimgruber.ch\/fr\/services\/","title":{"rendered":"Services"},"content":{"rendered":"<p>[vc_row][vc_column][vc_column_text]<\/p>\n<h1>Prestataire logistique, corps et \u00e2me<\/h1>\n<p>Dans le domaine de la logistique, nous sommes sur tous les fronts: transport de marchandises, logistique d\u2019entreposage, des conteneurs et des roues. Dans ces quatre disciplines, nous mettons tout en \u0153uvre pour r\u00e9pondre \u00e0 vos imp\u00e9ratifs. Vous d\u00e9cidez de comment utiliser notre savoir, pour des prestations uniques ou des solutions globales.<\/p>\n<h3>Des prestations sur lesquelles vous pouvez compter<\/h3>\n<p>Les biens les plus importants plac\u00e9s sous notre garde sont votre confiance et votre satisfaction. C\u2019est pourquoi nous vous r\u00e9servons notre attention \u00e0 100%, et nous garantissons la s\u00e9curit\u00e9 de vos marchandises. C\u2019est un sujet auquel non seulement nos chauffeurs sont sensibilis\u00e9s, mais aussi tout notre personnel.[\/vc_column_text][\/vc_column][\/vc_row][vc_row css=\u00a0\u00bb.vc_custom_1545056211865{margin-bottom: 40px !important;}\u00a0\u00bb][vc_column width=\u00a0\u00bb1\/4&Prime;][vc_single_image image=\u00a0\u00bb804&Prime; img_size=\u00a0\u00bbfull\u00a0\u00bb style=\u00a0\u00bbvc_box_shadow_border\u00a0\u00bb onclick=\u00a0\u00bbcustom_link\u00a0\u00bb link=\u00a0\u00bb\/leimgruber\/fr\/services\/transport\/\u00a0\u00bb][\/vc_column][vc_column width=\u00a0\u00bb3\/4&Prime;][vc_column_text]<\/p>\n<h2 style=\"background: white; margin: 0cm 0cm 2.4pt 0cm;\">Colis apr\u00e8s colis, entre de bonnes mains<\/h2>\n<p>Pour vous, le temps c\u2019est de l\u2019argent. Pour nous aussi. Voil\u00e0 pourquoi nous transportons chaque ann\u00e9e 350 000 tonnes de marchandises. Une flotte de v\u00e9hicules imposante, un dense r\u00e9seau de transport sur tout le territoire, des professionnels exp\u00e9riment\u00e9s et toute l\u2019efficacit\u00e9 qui en d\u00e9coule vous garantissent des livraisons en 24 heures, et m\u00eame plus rapidement selon votre convenance.[\/vc_column_text][\/vc_column][\/vc_row][vc_row css=\u00a0\u00bb.vc_custom_1545056218054{margin-bottom: 40px !important;}\u00a0\u00bb][vc_column width=\u00a0\u00bb1\/4&Prime;][vc_single_image image=\u00a0\u00bb810&Prime; img_size=\u00a0\u00bbfull\u00a0\u00bb style=\u00a0\u00bbvc_box_shadow_border\u00a0\u00bb onclick=\u00a0\u00bbcustom_link\u00a0\u00bb link=\u00a0\u00bb\/leimgruber\/fr\/services\/logistique-des-conteneurs\/\u00a0\u00bb][\/vc_column][vc_column width=\u00a0\u00bb3\/4&Prime;][vc_column_text]<\/p>\n<h2>Utiliser des conteneurs, de multiples avantages<\/h2>\n<p>Logistique des conteneurs Le transport par conteneurs offre bien des avantages. Les conteneurs constituent en effet une solution rapide pour le chargement des bateaux, offrent une grande vitesse de transbordement ainsi qu\u2019une bonne rentabilit\u00e9; sans oublier qu\u2019ils sont de loin l\u2019alternative la moins ch\u00e8re pour le stockage. Gr\u00e2ce au gerbage, ils occupent une surface au sol minimale qu\u2019il est possible de calculer tr\u00e8s pr\u00e9cis\u00e9ment. Enfin, il est tr\u00e8s simple de transporter un conteneur par route ou par rail. Nous vous faisons volontiers profiter de tous ces avantages en vous proposant notre logistique de conteneurs.[\/vc_column_text][\/vc_column][\/vc_row][vc_row][vc_column width=\u00a0\u00bb1\/4&Prime;][vc_single_image image=\u00a0\u00bb807&Prime; img_size=\u00a0\u00bbfull\u00a0\u00bb style=\u00a0\u00bbvc_box_shadow_border\u00a0\u00bb onclick=\u00a0\u00bbcustom_link\u00a0\u00bb link=\u00a0\u00bb\/leimgruber\/fr\/services\/logistique-d-entreposage\/\u00a0\u00bb][\/vc_column][vc_column width=\u00a0\u00bb3\/4&Prime;][vc_column_text]<\/p>\n<h2>De gros avantages en stock<\/h2>\n<p>Logistique d\u2019entreposage En tant que logisticiens \u00e9prouv\u00e9s, la gestion d\u2019entrep\u00f4ts fait bien entendu partie de nos comp\u00e9tences principales. Notre infrastructure performante et plus de 30 000 m\u00b2 de surface nous permettent d\u2019offrir les meilleures conditions d\u2019entreposage pour chaque type de marchandise. Nos logisticiens qualifi\u00e9s facilitent vos exp\u00e9ditions, et les conditionnent selon vos souhaits et dans les d\u00e9lais pour la suite de leur voyage.[\/vc_column_text][\/vc_column][\/vc_row][vc_row][vc_column width=\u00a0\u00bb1\/4&Prime;][vc_single_image image=\u00a0\u00bb800&Prime; img_size=\u00a0\u00bbfull\u00a0\u00bb style=\u00a0\u00bbvc_box_shadow_border\u00a0\u00bb onclick=\u00a0\u00bbcustom_link\u00a0\u00bb link=\u00a0\u00bb\/leimgruber\/fr\/services\/logistique-des-roues\/\u00a0\u00bb][\/vc_column][vc_column width=\u00a0\u00bb3\/4&Prime;][vc_column_text]<\/p>\n<h2>Mettre la gomme<\/h2>\n<p>Logistique des roues Les roues demandent des conditions particuli\u00e8res de stockage, de maintenance et d\u2019entretien. C\u2019est pourquoi plus de 30 000 roues de marques automobiles r\u00e9put\u00e9es sont entrepos\u00e9es chez nous jusqu\u2019\u00e0 la saison prochaine. Nous vous offrons le savoir-faire et l\u2019infrastructure, vous proposez les meilleures roues du monde. Si vous le souhaitez, vous pouvez faire appel \u00e0 nos services de transport ou prestations suppl\u00e9mentaires telles que la livraison express ou le lavage sans contact des roues.[\/vc_column_text][\/vc_column][\/vc_row][vc_row][vc_column width=\u00a0\u00bb1\/4&Prime;][vc_single_image image=\u00a0\u00bb1236&Prime; img_size=\u00a0\u00bbfull\u00a0\u00bb style=\u00a0\u00bbvc_box_shadow_border\u00a0\u00bb onclick=\u00a0\u00bbcustom_link\u00a0\u00bb link=\u00a0\u00bb\/leimgruber\/fr\/services\/service-de-colis\/\u00a0\u00bb][\/vc_column][vc_column width=\u00a0\u00bb3\/4&Prime;][vc_column_text]<\/p>\n<h2>Des colis livr\u00e9s de fa\u00e7on durable<\/h2>\n<p>Gr\u00e2ce \u00e0 nos partenaires, nous disposons d\u2019un vaste r\u00e9seau de filiales dot\u00e9es d\u2019une infrastructure ultramoderne et nous livrons ainsi dans toute la Suisse avec passion et pr\u00e9cision. Vos colis effectuent la majeure partie de leur trajet par voie ferroviaire. Cela nous permet de profiter du saut de nuit, ce qui nous donne des avantages en termes de d\u00e9lais tout en permettant un transport respectueux de l\u2019environnement.[\/vc_column_text][\/vc_column][\/vc_row]<\/p>\n","protected":false},"excerpt":{"rendered":"<p>[vc_row][vc_column][vc_column_text] Prestataire logistique, corps et \u00e2me Dans le domaine de [&hellip;]<\/p>\n","protected":false},"author":3,"featured_media":0,"parent":0,"menu_order":0,"comment_status":"closed","ping_status":"closed","template":"","meta":{"inline_featured_image":false,"footnotes":""},"_links":{"self":[{"href":"https:\/\/www.paul-leimgruber.ch\/fr\/wp-json\/wp\/v2\/pages\/936"}],"collection":[{"href":"https:\/\/www.paul-leimgruber.ch\/fr\/wp-json\/wp\/v2\/pages"}],"about":[{"href":"https:\/\/www.paul-leimgruber.ch\/fr\/wp-json\/wp\/v2\/types\/page"}],"author":[{"embeddable":true,"href":"https:\/\/www.paul-leimgruber.ch\/fr\/wp-json\/wp\/v2\/users\/3"}],"replies":[{"embeddable":true,"href":"https:\/\/www.paul-leimgruber.ch\/fr\/wp-json\/wp\/v2\/comments?post=936"}],"version-history":[{"count":0,"href":"https:\/\/www.paul-leimgruber.ch\/fr\/wp-json\/wp\/v2\/pages\/936\/revisions"}],"wp:attachment":[{"href":"https:\/\/www.paul-leimgruber.ch\/fr\/wp-json\/wp\/v2\/media?parent=936"}],"curies":[{"name":"wp","href":"https:\/\/api.w.org\/{rel}","templated":true}]}}