{"id":921,"date":"2018-10-09T17:28:04","date_gmt":"2018-10-09T15:28:04","guid":{"rendered":"https:\/\/planzer.swiss\/leimgruber\/ueber-uns\/"},"modified":"2025-11-25T14:02:19","modified_gmt":"2025-11-25T12:02:19","slug":"qui-sommes-nous","status":"publish","type":"page","link":"https:\/\/www.paul-leimgruber.ch\/fr\/qui-sommes-nous\/","title":{"rendered":"Qui sommes-nous"},"content":{"rendered":"<p>[vc_row][vc_column][vc_column_text]<\/p>\n<h1>Leimgruber \u2013 la logistique \u00abSwiss made\u00bb<\/h1>\n<h2>La plaque tournante de vos d\u00e9sirs<\/h2>\n<p>Nous comptons parmi les principaux centres de transport routier de Suisse. Depuis l\u2019Europe ou l\u2019outre-mer, par la route, le rail ou sur les eaux, nous transbordons vos marchandises avec efficacit\u00e9, les distribuons dans toute la Suisse, et effectuons volontiers le trajet inverse. Vous pouvez vous reposer sur les comp\u00e9tences de notre personnel et sur les performances de notre infrastructure. Vous pouvez compter \u00e9galement sur la fiabilit\u00e9 d\u2019une entreprise familiale ayant ses racines \u00e0 B\u00e2le.[\/vc_column_text][\/vc_column][\/vc_row][vc_row][vc_column width=\u00a0\u00bb1\/2&Prime;][vc_column_text]<\/p>\n<h3>L&rsquo;endroit id\u00e9al pour stocker vos marchandises<\/h3>\n<p>Notre si\u00e8ge principal de<strong> Pratteln<\/strong>, situ\u00e9 \u00e0 proximit\u00e9 imm\u00e9diate de l\u2019A2\/A3, offre 22\u00a0000\u00a0m<sup>2<\/sup> d\u2019entrep\u00f4ts et de surface de transbordement ainsi que 62\u00a0rampes de chargement pour vos marchandises.[\/vc_column_text][vc_column_text]<\/p>\n<h3 class=\"el-title uk-margin-top uk-margin-remove-bottom\">Code de conduite pour les fournisseurs<\/h3>\n<p>Applicable \u00e0 l\u2019\u00e9chelle du groupe, notre <a href=\"https:\/\/cms.planzer.ch\/doc\/lieferantenkodex-planzer\/?lang=fr\">code de conduite pour les fournisseurs<\/a> d\u00e9finit des attentes claires pour des activit\u00e9s commerciales responsables, \u00e9thiques et conformes \u00e0 la loi.[\/vc_column_text][\/vc_column][vc_column width=\u00a0\u00bb1\/2&Prime;][vc_column_text]<\/p>\n<h3>Une flotte rapide<\/h3>\n<p>Notre flotte compte plus de 100 v\u00e9hicules qui parcourent les routes pour le transport des marchandises et la logistique des conteneurs. Ils vont du v\u00e9hicule l\u00e9ger avec 3,5 tonnes de charge utile jusqu\u2019au train routier ou semi-remorque pour les charges lourdes. En outre, 150 v\u00e9hicules suppl\u00e9mentaires sont d\u00e9ploy\u00e9s chaque jour \u00e0 notre demande. Bon \u00e0 savoir pour tous ceux qui aiment faire des vagues (avec leurs marchandises): vous pouvez compter, dans la logistique des conteneurs, sur plus de 60 tracteurs et 150 ch\u00e2ssis porte-conteneurs diff\u00e9rents, \u00e0 suspension pneumatique pour la plupart.[\/vc_column_text][\/vc_column][\/vc_row][vc_row css=\u00a0\u00bb.vc_custom_1545035773366{margin-top: 0px !important;margin-right: -900px !important;margin-bottom: 0px !important;margin-left: -900px !important;padding-right: 890px !important;padding-left: 890px !important;background-color: #e9eaee !important;}\u00a0\u00bb][vc_column][vc_column_text]<\/p>\n<h2>En famille, main dans la main<\/h2>\n<p>Bien fonctionner en \u00e9quipe demande de pouvoir accorder aveugl\u00e9ment sa confiance. En tant qu\u2019entreprise de tradition, nous avons cet avantage: nous sommes une famille. C\u2019est \u00e0 ce titre que nous vous accompagnons, avec grande pr\u00e9caution et efficacit\u00e9. Vous pouvez donc, tout comme nous, compter sur la fiabilit\u00e9 de nos professionnels.[\/vc_column_text][\/vc_column][\/vc_row][vc_row][vc_column][vc_column_text]<\/p>\n<h1>Notre \u00e9quipe<\/h1>\n<p>[\/vc_column_text][\/vc_column][\/vc_row][vc_row][vc_column][vc_column_text]<\/p>\n<h3>Direction de l\u2019entreprise<\/h3>\n<p>[\/vc_column_text][\/vc_column][\/vc_row][vc_row][vc_column width=\u00a0\u00bb1\/4&Prime;][vc_single_image image=\u00a0\u00bb2095&Prime; img_size=\u00a0\u00bbfull\u00a0\u00bb alignment=\u00a0\u00bbcenter\u00a0\u00bb style=\u00a0\u00bbvc_box_shadow_border\u00a0\u00bb css_animation=\u00a0\u00bbfadeInUp\u00a0\u00bb][vc_column_text css=\u00a0\u00bb.vc_custom_1554275661228{margin-top: -15px !important;}\u00a0\u00bb]<strong>Urs Markwalder\u00a0<\/strong><br \/>\nDirecteur g\u00e9n\u00e9ral<br \/>\nTel.\u00a0<a href=\"tel:+41618168747\">+41 61 816 87 47<\/a>[\/vc_column_text][\/vc_column][vc_column width=\u00a0\u00bb1\/4&Prime;][vc_single_image image=\u00a0\u00bb2099&Prime; img_size=\u00a0\u00bbfull\u00a0\u00bb alignment=\u00a0\u00bbcenter\u00a0\u00bb style=\u00a0\u00bbvc_box_shadow_border\u00a0\u00bb css_animation=\u00a0\u00bbfadeInUp\u00a0\u00bb][vc_column_text css=\u00a0\u00bb.vc_custom_1733212858733{margin-top: -15px !important;}\u00a0\u00bb]<strong>Hans-Georg Voss<\/strong><br \/>\nDirecteur du transport et des conteneurs<br \/>\nTel.\u00a0<a href=\"tel:+41 61 816 87 08\">+41 61 816 87 08<\/a>[\/vc_column_text][\/vc_column][vc_column width=\u00a0\u00bb1\/4&Prime;][vc_single_image image=\u00a0\u00bb2105&Prime; img_size=\u00a0\u00bbfull\u00a0\u00bb alignment=\u00a0\u00bbcenter\u00a0\u00bb style=\u00a0\u00bbvc_box_shadow_border\u00a0\u00bb css_animation=\u00a0\u00bbfadeInUp\u00a0\u00bb][vc_column_text css=\u00a0\u00bb.vc_custom_1554285843875{margin-top: -15px !important;}\u00a0\u00bb]<strong>Erg\u00fcner Yapici<\/strong><br \/>\nResponsable logistique<br \/>\nTel.\u00a0<a href=\"tel:+41 61 816 87 05\">+41 61 816 87 05<\/a>[\/vc_column_text][\/vc_column][\/vc_row][vc_row disable_element=\u00a0\u00bbyes\u00a0\u00bb][vc_column][vc_column_text]<\/p>\n<h3>In der Disposition<\/h3>\n<p>[\/vc_column_text][\/vc_column][\/vc_row][vc_row disable_element=\u00a0\u00bbyes\u00a0\u00bb][vc_column width=\u00a0\u00bb1\/4&Prime;][vc_single_image image=\u00a0\u00bb412&Prime; img_size=\u00a0\u00bbfull\u00a0\u00bb][vc_column_text css=\u00a0\u00bb.vc_custom_1545038110555{margin-top: -15px !important;}\u00a0\u00bb]<strong>Vorname Name, <\/strong><br \/>\nFunktion<br \/>\nEmailadresse<br \/>\nev. Tel.[\/vc_column_text][\/vc_column][vc_column width=\u00a0\u00bb1\/4&Prime;][vc_single_image image=\u00a0\u00bb420&Prime; img_size=\u00a0\u00bbfull\u00a0\u00bb][vc_column_text css=\u00a0\u00bb.vc_custom_1545038161678{margin-top: -15px !important;}\u00a0\u00bb]<strong>Vorname Name, <\/strong><br \/>\nFunktion<br \/>\nEmailadresse<br \/>\nev. Tel.[\/vc_column_text][\/vc_column][vc_column width=\u00a0\u00bb1\/4&Prime;][vc_single_image image=\u00a0\u00bb414&Prime; img_size=\u00a0\u00bbfull\u00a0\u00bb][vc_column_text css=\u00a0\u00bb.vc_custom_1545038169120{margin-top: -15px !important;}\u00a0\u00bb]<strong>Vorname Name, <\/strong><br \/>\nFunktion<br \/>\nEmailadresse<br \/>\nev. Tel.[\/vc_column_text][\/vc_column][\/vc_row][vc_row disable_element=\u00a0\u00bbyes\u00a0\u00bb][vc_column][vc_column_text]<\/p>\n<h3>Am Steuer<\/h3>\n<p>[\/vc_column_text][\/vc_column][\/vc_row][vc_row disable_element=\u00a0\u00bbyes\u00a0\u00bb][vc_column width=\u00a0\u00bb1\/4&Prime;][vc_single_image image=\u00a0\u00bb416&Prime; img_size=\u00a0\u00bbfull\u00a0\u00bb][vc_column_text css=\u00a0\u00bb.vc_custom_1545038110555{margin-top: -15px !important;}\u00a0\u00bb]<strong>Vorname Name, <\/strong><br \/>\nFunktion<br \/>\nEmailadresse<br \/>\nev. Tel.[\/vc_column_text][\/vc_column][vc_column width=\u00a0\u00bb1\/4&Prime;][vc_single_image image=\u00a0\u00bb411&Prime; img_size=\u00a0\u00bbfull\u00a0\u00bb][vc_column_text css=\u00a0\u00bb.vc_custom_1545038161678{margin-top: -15px !important;}\u00a0\u00bb]<strong>Vorname Name, <\/strong><br \/>\nFunktion<br \/>\nEmailadresse<br \/>\nev. Tel.[\/vc_column_text][\/vc_column][vc_column width=\u00a0\u00bb1\/4&Prime;][vc_single_image image=\u00a0\u00bb415&Prime; img_size=\u00a0\u00bbfull\u00a0\u00bb][vc_column_text css=\u00a0\u00bb.vc_custom_1545038169120{margin-top: -15px !important;}\u00a0\u00bb]<strong>Vorname Name, <\/strong><br \/>\nFunktion<br \/>\nEmailadresse<br \/>\nev. Tel.[\/vc_column_text][\/vc_column][vc_column width=\u00a0\u00bb1\/4&Prime;][vc_single_image image=\u00a0\u00bb413&Prime; img_size=\u00a0\u00bbfull\u00a0\u00bb][vc_column_text css=\u00a0\u00bb.vc_custom_1545038180473{margin-top: -15px !important;}\u00a0\u00bb]<strong>Vorname Name, <\/strong><br \/>\nFunktion<br \/>\nEmailadresse<br \/>\nev. Tel.[\/vc_column_text][\/vc_column][\/vc_row][vc_row disable_element=\u00a0\u00bbyes\u00a0\u00bb][vc_column width=\u00a0\u00bb1\/4&Prime;][vc_single_image image=\u00a0\u00bb417&Prime; img_size=\u00a0\u00bbfull\u00a0\u00bb][vc_column_text css=\u00a0\u00bb.vc_custom_1545038161678{margin-top: -15px !important;}\u00a0\u00bb]<strong>Vorname Name, <\/strong><br \/>\nFunktion<br \/>\nEmailadresse<br \/>\nev. Tel.[\/vc_column_text][\/vc_column][vc_column width=\u00a0\u00bb1\/4&Prime;][vc_single_image image=\u00a0\u00bb418&Prime; img_size=\u00a0\u00bbfull\u00a0\u00bb][vc_column_text css=\u00a0\u00bb.vc_custom_1545038110555{margin-top: -15px !important;}\u00a0\u00bb]<strong>Vorname Name, <\/strong><br \/>\nFunktion<br \/>\nEmailadresse<br \/>\nev. Tel.[\/vc_column_text][\/vc_column][\/vc_row][vc_row disable_element=\u00a0\u00bbyes\u00a0\u00bb][vc_column][vc_column_text]<\/p>\n<h3>Im Lager<\/h3>\n<p>[\/vc_column_text][\/vc_column][\/vc_row][vc_row disable_element=\u00a0\u00bbyes\u00a0\u00bb][vc_column width=\u00a0\u00bb1\/4&Prime;][vc_single_image image=\u00a0\u00bb403&Prime; img_size=\u00a0\u00bbfull\u00a0\u00bb][vc_column_text css=\u00a0\u00bb.vc_custom_1545038110555{margin-top: -15px !important;}\u00a0\u00bb]<strong>Vorname Name, <\/strong><br \/>\nFunktion<br \/>\nEmailadresse<br \/>\nev. Tel.[\/vc_column_text][\/vc_column][vc_column width=\u00a0\u00bb1\/4&Prime;][vc_single_image image=\u00a0\u00bb406&Prime; img_size=\u00a0\u00bbfull\u00a0\u00bb][vc_column_text css=\u00a0\u00bb.vc_custom_1545038161678{margin-top: -15px !important;}\u00a0\u00bb]<strong>Vorname Name, <\/strong><br \/>\nFunktion<br \/>\nEmailadresse<br \/>\nev. Tel.[\/vc_column_text][\/vc_column][vc_column width=\u00a0\u00bb1\/4&Prime;][vc_single_image image=\u00a0\u00bb405&Prime; img_size=\u00a0\u00bbfull\u00a0\u00bb][vc_column_text css=\u00a0\u00bb.vc_custom_1545038169120{margin-top: -15px !important;}\u00a0\u00bb]<strong>Vorname Name, <\/strong><br \/>\nFunktion<br \/>\nEmailadresse<br \/>\nev. Tel.[\/vc_column_text][\/vc_column][vc_column width=\u00a0\u00bb1\/4&Prime;][vc_single_image image=\u00a0\u00bb404&Prime; img_size=\u00a0\u00bbfull\u00a0\u00bb][vc_column_text css=\u00a0\u00bb.vc_custom_1545038180473{margin-top: -15px !important;}\u00a0\u00bb]<strong>Vorname Name, <\/strong><br \/>\nFunktion<br \/>\nEmailadresse<br \/>\nev. Tel.[\/vc_column_text][\/vc_column][\/vc_row][vc_row disable_element=\u00a0\u00bbyes\u00a0\u00bb][vc_column][vc_column_text]<\/p>\n<h3>In der Reifenlogistik<\/h3>\n<p>[\/vc_column_text][\/vc_column][\/vc_row][vc_row disable_element=\u00a0\u00bbyes\u00a0\u00bb][vc_column width=\u00a0\u00bb1\/4&Prime;][vc_single_image image=\u00a0\u00bb395&Prime; img_size=\u00a0\u00bbfull\u00a0\u00bb][vc_column_text css=\u00a0\u00bb.vc_custom_1545038110555{margin-top: -15px !important;}\u00a0\u00bb]<strong>Vorname Name, <\/strong><br \/>\nFunktion<br \/>\nEmailadresse<br \/>\nev. Tel.[\/vc_column_text][\/vc_column][vc_column width=\u00a0\u00bb1\/4&Prime;][vc_single_image image=\u00a0\u00bb396&Prime; img_size=\u00a0\u00bbfull\u00a0\u00bb][vc_column_text css=\u00a0\u00bb.vc_custom_1545038161678{margin-top: -15px !important;}\u00a0\u00bb]<strong>Vorname Name, <\/strong><br \/>\nFunktion<br \/>\nEmailadresse<br \/>\nev. Tel.[\/vc_column_text][\/vc_column][vc_column width=\u00a0\u00bb1\/4&Prime;][vc_single_image image=\u00a0\u00bb397&Prime; img_size=\u00a0\u00bbfull\u00a0\u00bb][vc_column_text css=\u00a0\u00bb.vc_custom_1545038169120{margin-top: -15px !important;}\u00a0\u00bb]<strong>Vorname Name, <\/strong><br \/>\nFunktion<br \/>\nEmailadresse<br \/>\nev. Tel.[\/vc_column_text][\/vc_column][vc_column width=\u00a0\u00bb1\/4&Prime;][vc_single_image image=\u00a0\u00bb398&Prime; img_size=\u00a0\u00bbfull\u00a0\u00bb][vc_column_text css=\u00a0\u00bb.vc_custom_1545038180473{margin-top: -15px !important;}\u00a0\u00bb]<strong>Vorname Name, <\/strong><br \/>\nFunktion<br \/>\nEmailadresse<br \/>\nev. Tel.[\/vc_column_text][\/vc_column][\/vc_row][vc_row css=\u00a0\u00bb.vc_custom_1545040221089{margin-top: 20px !important;}\u00a0\u00bb][vc_column][vc_column_text]<\/p>\n<h2>Franc comme l\u2019or, pr\u00e9cieux comme le platine<\/h2>\n<p>Nous nous chargeons des exp\u00e9ditions et de la logistique d\u2019entreprises industrielles et commerciales renomm\u00e9es, de Suisse, d\u2019Europe, et du monde entier. Toutes ont en commun de figurer depuis longtemps sur la liste de nos clients. Nous honorons leur confiance en retroussant nos manches avec un enthousiasme chaque jour renouvel\u00e9.[\/vc_column_text][\/vc_column][\/vc_row]<\/p>\n","protected":false},"excerpt":{"rendered":"<p>[vc_row][vc_column][vc_column_text] Leimgruber \u2013 la logistique \u00abSwiss made\u00bb La plaque tournante [&hellip;]<\/p>\n","protected":false},"author":3,"featured_media":0,"parent":0,"menu_order":0,"comment_status":"closed","ping_status":"closed","template":"","meta":{"inline_featured_image":false,"footnotes":""},"_links":{"self":[{"href":"https:\/\/www.paul-leimgruber.ch\/fr\/wp-json\/wp\/v2\/pages\/921"}],"collection":[{"href":"https:\/\/www.paul-leimgruber.ch\/fr\/wp-json\/wp\/v2\/pages"}],"about":[{"href":"https:\/\/www.paul-leimgruber.ch\/fr\/wp-json\/wp\/v2\/types\/page"}],"author":[{"embeddable":true,"href":"https:\/\/www.paul-leimgruber.ch\/fr\/wp-json\/wp\/v2\/users\/3"}],"replies":[{"embeddable":true,"href":"https:\/\/www.paul-leimgruber.ch\/fr\/wp-json\/wp\/v2\/comments?post=921"}],"version-history":[{"count":4,"href":"https:\/\/www.paul-leimgruber.ch\/fr\/wp-json\/wp\/v2\/pages\/921\/revisions"}],"predecessor-version":[{"id":2258,"href":"https:\/\/www.paul-leimgruber.ch\/fr\/wp-json\/wp\/v2\/pages\/921\/revisions\/2258"}],"wp:attachment":[{"href":"https:\/\/www.paul-leimgruber.ch\/fr\/wp-json\/wp\/v2\/media?parent=921"}],"curies":[{"name":"wp","href":"https:\/\/api.w.org\/{rel}","templated":true}]}}