{"id":692,"date":"2018-12-20T18:19:42","date_gmt":"2018-12-20T16:19:42","guid":{"rendered":"https:\/\/planzer.swiss\/leimgruber\/home\/"},"modified":"2025-09-10T08:56:20","modified_gmt":"2025-09-10T06:56:20","slug":"home","status":"publish","type":"page","link":"https:\/\/www.paul-leimgruber.ch\/fr\/","title":{"rendered":"Home"},"content":{"rendered":"<p>[vc_row][vc_column][vc_row_inner][vc_column_inner css=\u00a0\u00bb.vc_custom_1757487322148{background-color: #84b274 !important;}\u00a0\u00bb][vc_column_text]<\/p>\n<h3 style=\"color: #fff;\">Communiqu\u00e9 de presse<\/h3>\n<p style=\"color: #fff;\">Reprise de l\u2019activit\u00e9 conteneurs de Stella Brandenberger Transporte AG au 1er octobre 2025 \u2013 <a style=\"color: #fff;\" href=\"https:\/\/www.paul-leimgruber.ch\/wp-content\/uploads\/Medienmitteilung-Internetseite-Leimgruber-Uebernahme-Stella-Brandenberger.pdf\" target=\"_blank\" rel=\"noopener\">Lire l\u2019article (en allemand, PDF)<\/a><\/p>\n<p>[\/vc_column_text][\/vc_column_inner][\/vc_row_inner][vc_column_text]<\/p>\n<h1>Quand la logistique va, tout va.<\/h1>\n<p class=\"bodytext\">A tous ceux qui franchissent volontiers les fronti\u00e8res: voici votre porte vers la Suisse, vers l\u2019Europe, vers le monde. En tant que centre routier, nous faisons passer chaque jour des milliers de marchandises par notre hub des trois pays. Vos envois peuvent provenir d\u2019au-del\u00e0 des mers, nous sommes les sp\u00e9cialistes du conteneur. Quoi que vous souhaitiez faire acheminer et quelle qu\u2019en soit la destination, avec nous, votre logistique ne conna\u00eet aucune limite.<\/p>\n<p>[\/vc_column_text][\/vc_column][\/vc_row][vc_row][vc_column width=\u00a0\u00bb1\/5&Prime; el_id=\u00a0\u00bbbuttondienstleistungen\u00a0\u00bb][vc_single_image image=\u00a0\u00bb1775&Prime; img_size=\u00a0\u00bbfull\u00a0\u00bb alignment=\u00a0\u00bbcenter\u00a0\u00bb style=\u00a0\u00bbvc_box_rounded\u00a0\u00bb onclick=\u00a0\u00bbcustom_link\u00a0\u00bb link=\u00a0\u00bb\/leimgruber\/fr\/services\/transport\/\u00a0\u00bb][vc_column_text css=\u00a0\u00bb.vc_custom_1553779158109{margin-top: -20px !important;}\u00a0\u00bb]<\/p>\n<h3><a href=\"https:\/\/www.paul-leimgruber.ch\/fr\/services\/transport\/\">Transport<\/a><\/h3>\n<p>Nous transportons et livrons dans les 24 heures si n\u00e9cessaire, en toute s\u00e9curit\u00e9 et avec ponctualit\u00e9. Sur demande, nous pouvons m\u00eame proc\u00e9der \u00e0 des livraisons express. Une grande partie des marchandises sont convoy\u00e9es par le rail pour respecter l\u2019environnement.[\/vc_column_text][\/vc_column][vc_column width=\u00a0\u00bb1\/5&Prime; el_id=\u00a0\u00bbbuttonlager\u00a0\u00bb][vc_single_image image=\u00a0\u00bb1787&Prime; img_size=\u00a0\u00bbfull\u00a0\u00bb alignment=\u00a0\u00bbcenter\u00a0\u00bb style=\u00a0\u00bbvc_box_rounded\u00a0\u00bb onclick=\u00a0\u00bbcustom_link\u00a0\u00bb link=\u00a0\u00bb\/leimgruber\/fr\/services\/logistique-des-conteneurs\/\u00a0\u00bb][vc_column_text css=\u00a0\u00bb.vc_custom_1567694244015{margin-top: -20px !important;}\u00a0\u00bb]<\/p>\n<h3><a href=\"https:\/\/www.paul-leimgruber.ch\/fr\/services\/logistique-d-entreposage\/\">Logistique des conteneurs<\/a><\/h3>\n<p>En Suisse, nous sommes les leaders de la logistique des conteneurs. Forts de 50 ans d\u2019exp\u00e9rience, nous disposons d\u2019une infrastructure performante et des porte-conteneurs les plus r\u00e9cents. Ainsi, nous sommes toujours l\u00e0 lorsqu\u2019il s\u2019agit de charger, d\u00e9charger, transporter vos conteneurs.[\/vc_column_text][\/vc_column][vc_column width=\u00a0\u00bb1\/5&Prime; el_id=\u00a0\u00bbbuttoncontainer\u00a0\u00bb][vc_single_image image=\u00a0\u00bb1784&Prime; img_size=\u00a0\u00bbfull\u00a0\u00bb alignment=\u00a0\u00bbcenter\u00a0\u00bb style=\u00a0\u00bbvc_box_rounded\u00a0\u00bb onclick=\u00a0\u00bbcustom_link\u00a0\u00bb link=\u00a0\u00bb\/leimgruber\/fr\/services\/logistique-d-entreposage\/\u00a0\u00bb][vc_column_text css=\u00a0\u00bb.vc_custom_1553779609202{margin-top: -20px !important;}\u00a0\u00bb]<\/p>\n<h3><a href=\"https:\/\/www.paul-leimgruber.ch\/fr\/services\/logistique-des-conteneurs\/\">Entrep\u00f4t<\/a><\/h3>\n<p>Toute marchandise en attente avant de reprendre son voyage trouve chez nous la place qui lui convient. C\u2019est avec plaisir que nous prenons \u00e0 bras-le-corps le reconditionnement et les t\u00e2ches d\u2019administration douani\u00e8re.[\/vc_column_text][\/vc_column][vc_column width=\u00a0\u00bb1\/5&Prime; el_id=\u00a0\u00bbbuttonraederlogistik\u00a0\u00bb][vc_single_image image=\u00a0\u00bb1781&Prime; img_size=\u00a0\u00bbfull\u00a0\u00bb alignment=\u00a0\u00bbcenter\u00a0\u00bb style=\u00a0\u00bbvc_box_rounded\u00a0\u00bb onclick=\u00a0\u00bbcustom_link\u00a0\u00bb link=\u00a0\u00bb\/leimgruber\/fr\/services\/logistique-des-roues\/\u00a0\u00bb][vc_column_text css=\u00a0\u00bb.vc_custom_1553779669881{margin-top: -20px !important;}\u00a0\u00bb]<\/p>\n<h3><a href=\"https:\/\/www.paul-leimgruber.ch\/fr\/services\/logistique-des-roues\/\">Logistique des roues<\/a><\/h3>\n<p>Nous pr\u00eatons main forte aux ateliers automobiles de la r\u00e9gion b\u00e2loise pour tout ce qui concerne la logistique des roues. Ainsi, une fois venue la saison de leur changement, vous fournissez bien moins d\u2019efforts et gagnez un temps pr\u00e9cieux.[\/vc_column_text][\/vc_column][vc_column width=\u00a0\u00bb1\/5&Prime; el_id=\u00a0\u00bbbuttonpaketservice\u00a0\u00bb][vc_single_image image=\u00a0\u00bb1778&Prime; img_size=\u00a0\u00bbfull\u00a0\u00bb alignment=\u00a0\u00bbcenter\u00a0\u00bb style=\u00a0\u00bbvc_box_rounded\u00a0\u00bb onclick=\u00a0\u00bbcustom_link\u00a0\u00bb link=\u00a0\u00bb\/leimgruber\/fr\/services\/service-de-colis\/\u00a0\u00bb][vc_column_text css=\u00a0\u00bb.vc_custom_1554289468822{margin-top: -20px !important;}\u00a0\u00bb]<\/p>\n<h3><a href=\"https:\/\/www.paul-leimgruber.ch\/fr\/services\/service-de-colis\/\">Service de colis<\/a><\/h3>\n<p>Vous souhaitez faire livrer des colis jusqu\u2019\u00e0 30 kg \u00e0 des clients priv\u00e9s et commerciaux? Aucun probl\u00e8me. Dans l\u2019optique de \u00abtous les services logistiques chez un seul et m\u00eame prestataire\u00bb, nous avons aussi le plaisir de vous proposer ce service.[\/vc_column_text][\/vc_column][\/vc_row][vc_row css=\u00a0\u00bb.vc_custom_1545035632813{margin-top: 15px !important;margin-right: -900px !important;margin-bottom: 15px !important;margin-left: -900px !important;padding-right: 890px !important;padding-left: 890px !important;background-color: #e9eaee !important;}\u00a0\u00bb][vc_column width=\u00a0\u00bb1\/2&Prime;][vc_column_text]<\/p>\n<h2>En tant que prestataire logistique, nous assurons les trajets Suisse-Europe, aller-retour.<\/h2>\n<p>La Suisse n\u2019est pas pr\u00eate de se limiter aux fronti\u00e8res europ\u00e9ennes et vice versa. Ce n\u2019est donc pas sans raison que chaque ann\u00e9e, la suisse importe 226 milliards de francs de marchandise depuis l\u2019\u00e9tranger, dont 61 proviennent d\u2019Europe. Pour passer la fronti\u00e8re, ces marchandises doivent remplir certaines formalit\u00e9s, qu\u2019il s\u2019agisse d\u2019importation ou d\u2019exportation. Notre service inclut donc, outre le transport et la distribution dans les lieux les plus recul\u00e9s, toutes les formalit\u00e9s douani\u00e8res indispensables.[\/vc_column_text][\/vc_column][vc_column width=\u00a0\u00bb1\/2&Prime;][vc_column_text]<\/p>\n<h2>Un Big Brother pour votre fret maritime<\/h2>\n<p style=\"margin: 0cm; margin-bottom: .0001pt; text-align: justify;\">Nous prenons tr\u00e8s au s\u00e9rieux les exp\u00e9ditions arrivant par voie maritime. Aucune marchandise ne quitte son conteneur avant que nous ne l\u2019ayons contr\u00f4l\u00e9e. A partir de ce moment, tout est tr\u00e8s rapide. Les marchandises sont redistribu\u00e9es directement via notre hub, et pr\u00e9par\u00e9es pour parcourir leurs derniers kilom\u00e8tres en Suisse, en fonction des souhaits de nos clients. Selon leur destination et les d\u00e9lais demand\u00e9s, une grande partie des marchandises voyagent \u00e0 l\u2019int\u00e9rieur du pays par le rail. Pour le bien de l\u2019environnement.<\/p>\n<p>[\/vc_column_text][\/vc_column][\/vc_row][vc_row][vc_column width=\u00a0\u00bb2\/5&Prime;][vc_images_carousel images=\u00a0\u00bb2123&Prime; img_size=\u00a0\u00bbfull\u00a0\u00bb onclick=\u00a0\u00bblink_no\u00a0\u00bb autoplay=\u00a0\u00bbyes\u00a0\u00bb hide_pagination_control=\u00a0\u00bbyes\u00a0\u00bb hide_prev_next_buttons=\u00a0\u00bbyes\u00a0\u00bb wrap=\u00a0\u00bbyes\u00a0\u00bb css_animation=\u00a0\u00bbfadeIn\u00a0\u00bb][\/vc_column][vc_column width=\u00a0\u00bb3\/5&Prime;][vc_column_text]<\/p>\n<h3>N\u00e9s pour la route<\/h3>\n<p>Nous sommes sur les routes depuis 1962 d\u00e9j\u00e0, et beaucoup de choses ont chang\u00e9 depuis cette \u00e9poque. Une chose est toutefois rest\u00e9e intacte: notre enthousiasme pour la logistique. Aujourd\u2019hui, ce sont pr\u00e8s de 180 professionnels du transport qui travaillent chez Leimgruber, dans la logistique du fret maritime et dans nos entrep\u00f4ts. Tous ont conscience que la Suisse ne pourrait survivre sans marchandises, et que la passion et l\u2019intelligence que requiert la logistique ne peuvent \u00eatre garanties que par une entreprise familiale.[\/vc_column_text][vc_column_text]<\/p>\n<h3>Franc comme l\u2019or, pr\u00e9cieux comme le platine<\/h3>\n<p>Nous nous chargeons des exp\u00e9ditions et de la logistique d\u2019entreprises industrielles et commerciales renomm\u00e9es, de Suisse, d\u2019Europe, et du monde entier. Toutes ont en commun de figurer depuis longtemps sur la liste de nos clients. Nous honorons leur confiance en retroussant nos manches avec un enthousiasme chaque jour renouvel\u00e9.[\/vc_column_text][vc_images_carousel images=\u00a0\u00bb1509,1395,1377,2136,2127,2130,2144&Prime; img_size=\u00a0\u00bbfull\u00a0\u00bb onclick=\u00a0\u00bblink_no\u00a0\u00bb speed=\u00a0\u00bb3000&Prime; slides_per_view=\u00a0\u00bb3&Prime; autoplay=\u00a0\u00bbyes\u00a0\u00bb hide_pagination_control=\u00a0\u00bbyes\u00a0\u00bb hide_prev_next_buttons=\u00a0\u00bbyes\u00a0\u00bb wrap=\u00a0\u00bbyes\u00a0\u00bb][\/vc_column][\/vc_row]<\/p>\n","protected":false},"excerpt":{"rendered":"<p>[vc_row][vc_column][vc_row_inner][vc_column_inner css=\u00a0\u00bb.vc_custom_1757487322148{background-color: #84b274 !important;}\u00a0\u00bb][vc_column_text] Communiqu\u00e9 de presse Reprise de l\u2019activit\u00e9 [&hellip;]<\/p>\n","protected":false},"author":3,"featured_media":0,"parent":0,"menu_order":0,"comment_status":"closed","ping_status":"closed","template":"","meta":{"inline_featured_image":false,"footnotes":""},"_links":{"self":[{"href":"https:\/\/www.paul-leimgruber.ch\/fr\/wp-json\/wp\/v2\/pages\/692"}],"collection":[{"href":"https:\/\/www.paul-leimgruber.ch\/fr\/wp-json\/wp\/v2\/pages"}],"about":[{"href":"https:\/\/www.paul-leimgruber.ch\/fr\/wp-json\/wp\/v2\/types\/page"}],"author":[{"embeddable":true,"href":"https:\/\/www.paul-leimgruber.ch\/fr\/wp-json\/wp\/v2\/users\/3"}],"replies":[{"embeddable":true,"href":"https:\/\/www.paul-leimgruber.ch\/fr\/wp-json\/wp\/v2\/comments?post=692"}],"version-history":[{"count":7,"href":"https:\/\/www.paul-leimgruber.ch\/fr\/wp-json\/wp\/v2\/pages\/692\/revisions"}],"predecessor-version":[{"id":2252,"href":"https:\/\/www.paul-leimgruber.ch\/fr\/wp-json\/wp\/v2\/pages\/692\/revisions\/2252"}],"wp:attachment":[{"href":"https:\/\/www.paul-leimgruber.ch\/fr\/wp-json\/wp\/v2\/media?parent=692"}],"curies":[{"name":"wp","href":"https:\/\/api.w.org\/{rel}","templated":true}]}}