{"id":1906,"date":"2021-04-14T11:55:12","date_gmt":"2021-04-14T09:55:12","guid":{"rendered":"https:\/\/www.paul-leimgruber.ch\/?page_id=1906"},"modified":"2021-04-14T11:55:12","modified_gmt":"2021-04-14T09:55:12","slug":"places-dapprentissage","status":"publish","type":"page","link":"https:\/\/www.paul-leimgruber.ch\/fr\/qui-sommes-nous\/places-dapprentissage\/","title":{"rendered":"Places d\u2019apprentissage"},"content":{"rendered":"<p>[vc_row][vc_column][vc_column_text]<\/p>\n<header>\n<h1>Le profil d\u2019une star<\/h1>\n<\/header>\n<div class=\"entry\">\n<p>Nous ne pensons pas seulement en termes de g\u00e9n\u00e9rations, nous pensons avant tout pour les g\u00e9n\u00e9rations. Plus pr\u00e9cis\u00e9ment: pour ta g\u00e9n\u00e9ration. C&rsquo;est pourquoi nous formons chaque ann\u00e9e, \u00e0 l&rsquo;\u00e9chelle de toute la Suisse, plus de 300 jeunes \u00e0 plus de dix professions diff\u00e9rentes.<\/p>\n<p>Dans le but de pouvoir continuer \u00e0 promouvoir la rel\u00e8ve, nous avons con\u00e7u sp\u00e9cialement un site Internet \u00e0 destination des apprentis. En plus des portraits des m\u00e9tiers et des places d\u2019apprentissage vacantes, tu trouveras \u00e9galement sur le site un outil de recherche de m\u00e9tier, des donn\u00e9es sur notre entreprise et des conseils pour la candidature.<\/p>\n<p>Laisse-toi inspirer par notre\u00a0site Internet pour les apprentis:\u00a0<a href=\"https:\/\/www.planzer-lehrstellen.ch\/fr\/\" target=\"_blank\" rel=\"noopener\">planzer-apprentissage.ch<\/a><\/p>\n<\/div>\n<p>[\/vc_column_text][\/vc_column][\/vc_row]<\/p>\n","protected":false},"excerpt":{"rendered":"<p>[vc_row][vc_column][vc_column_text] Le profil d\u2019une star Nous ne pensons pas seulement [&hellip;]<\/p>\n","protected":false},"author":11,"featured_media":0,"parent":921,"menu_order":4,"comment_status":"closed","ping_status":"closed","template":"","meta":{"inline_featured_image":false,"footnotes":""},"_links":{"self":[{"href":"https:\/\/www.paul-leimgruber.ch\/fr\/wp-json\/wp\/v2\/pages\/1906"}],"collection":[{"href":"https:\/\/www.paul-leimgruber.ch\/fr\/wp-json\/wp\/v2\/pages"}],"about":[{"href":"https:\/\/www.paul-leimgruber.ch\/fr\/wp-json\/wp\/v2\/types\/page"}],"author":[{"embeddable":true,"href":"https:\/\/www.paul-leimgruber.ch\/fr\/wp-json\/wp\/v2\/users\/11"}],"replies":[{"embeddable":true,"href":"https:\/\/www.paul-leimgruber.ch\/fr\/wp-json\/wp\/v2\/comments?post=1906"}],"version-history":[{"count":0,"href":"https:\/\/www.paul-leimgruber.ch\/fr\/wp-json\/wp\/v2\/pages\/1906\/revisions"}],"up":[{"embeddable":true,"href":"https:\/\/www.paul-leimgruber.ch\/fr\/wp-json\/wp\/v2\/pages\/921"}],"wp:attachment":[{"href":"https:\/\/www.paul-leimgruber.ch\/fr\/wp-json\/wp\/v2\/media?parent=1906"}],"curies":[{"name":"wp","href":"https:\/\/api.w.org\/{rel}","templated":true}]}}