{"id":1287,"date":"2019-04-03T10:42:52","date_gmt":"2019-04-03T08:42:52","guid":{"rendered":"https:\/\/planzer.swiss\/leimgruber\/services\/paketservice\/"},"modified":"2019-04-08T21:17:25","modified_gmt":"2019-04-08T19:17:25","slug":"service-de-colis","status":"publish","type":"page","link":"https:\/\/www.paul-leimgruber.ch\/fr\/services\/service-de-colis\/","title":{"rendered":"Service de colis"},"content":{"rendered":"<p>[vc_row][vc_column][vc_column_text]<\/p>\n<h1>Service de livraison de colis sur-mesure<\/h1>\n<p>Nous mettons tout en \u0153uvre pour vous offrir, \u00e0 vous et \u00e0 vos clients, un service adapt\u00e9 \u00e0 vos besoins. Cela comprend notamment des dates de livraison flexibles et d\u2019autres options de livraison.[\/vc_column_text][\/vc_column][\/vc_row][vc_row][vc_column width=\u00a0\u00bb1\/2&Prime;][vc_column_text]<\/p>\n<h2>Modification de r\u00e9ception<\/h2>\n<p>Vous pouvez modifier les conditions de r\u00e9ception \u00e0 tout moment avant une tentative de remise des marchandises; c\u2019est simple et flexible. Modifiez par exemple le destinataire ou l\u2019adresse du destinataire pour que votre colis soit livr\u00e9 \u00e0 une autre adresse (au bureau, chez le voisin ou sur votre lieu de vacances).[\/vc_column_text][\/vc_column][vc_column width=\u00a0\u00bb1\/2&Prime;][vc_column_text]<\/p>\n<h2>Envois multi-colis (EMC)<\/h2>\n<p>Ce service permet de collecter plusieurs colis \u00e0 diff\u00e9rentes adresses, puis de les livrer \u00e0 une seule adresse de destinataire; c\u2019est simple et pratique.[\/vc_column_text][\/vc_column][\/vc_row][vc_row][vc_column width=\u00a0\u00bb1\/2&Prime;][vc_column_text]<\/p>\n<h2>Envoi international<\/h2>\n<p>Notre service de colis ne conna\u00eet pas de fronti\u00e8res. Nous livrons ainsi votre colis dans plus de 195 pays. Que ce soit au niveau national ou international, nous prenons soin de votre envoi.[\/vc_column_text][\/vc_column][vc_column width=\u00a0\u00bb1\/2&Prime;][vc_column_text]<\/p>\n<h2>Bo\u00eetes \u00e9cologiques<\/h2>\n<p>Envoyez vos marchandises dans des bo\u00eetes \u00e9cologiques. Elles offrent une protection suppl\u00e9mentaire par rapport aux bo\u00eetes en carton. Les bo\u00eetes \u00e9cologiques sont \u00e9quip\u00e9es de plombs de s\u00e9curit\u00e9 et d\u2019un code d\u2019identification. Nous faisons \u00e9galement un scan \u00e0 tous les points cl\u00e9s afin que vous puissiez suivre vos colis en ligne \u00e0 tout moment.[\/vc_column_text][\/vc_column][\/vc_row]<\/p>\n","protected":false},"excerpt":{"rendered":"<p>[vc_row][vc_column][vc_column_text] Service de livraison de colis sur-mesure Nous mettons tout [&hellip;]<\/p>\n","protected":false},"author":1,"featured_media":0,"parent":936,"menu_order":3,"comment_status":"closed","ping_status":"closed","template":"","meta":{"inline_featured_image":false,"footnotes":""},"_links":{"self":[{"href":"https:\/\/www.paul-leimgruber.ch\/fr\/wp-json\/wp\/v2\/pages\/1287"}],"collection":[{"href":"https:\/\/www.paul-leimgruber.ch\/fr\/wp-json\/wp\/v2\/pages"}],"about":[{"href":"https:\/\/www.paul-leimgruber.ch\/fr\/wp-json\/wp\/v2\/types\/page"}],"author":[{"embeddable":true,"href":"https:\/\/www.paul-leimgruber.ch\/fr\/wp-json\/wp\/v2\/users\/1"}],"replies":[{"embeddable":true,"href":"https:\/\/www.paul-leimgruber.ch\/fr\/wp-json\/wp\/v2\/comments?post=1287"}],"version-history":[{"count":0,"href":"https:\/\/www.paul-leimgruber.ch\/fr\/wp-json\/wp\/v2\/pages\/1287\/revisions"}],"up":[{"embeddable":true,"href":"https:\/\/www.paul-leimgruber.ch\/fr\/wp-json\/wp\/v2\/pages\/936"}],"wp:attachment":[{"href":"https:\/\/www.paul-leimgruber.ch\/fr\/wp-json\/wp\/v2\/media?parent=1287"}],"curies":[{"name":"wp","href":"https:\/\/api.w.org\/{rel}","templated":true}]}}