{"id":1032,"date":"2018-10-10T14:22:31","date_gmt":"2018-10-10T12:22:31","guid":{"rendered":"https:\/\/planzer.swiss\/leimgruber\/ueber-uns\/jobs\/"},"modified":"2025-08-07T14:49:01","modified_gmt":"2025-08-07T12:49:01","slug":"emploi","status":"publish","type":"page","link":"https:\/\/www.paul-leimgruber.ch\/fr\/qui-sommes-nous\/emploi\/","title":{"rendered":"Emploi"},"content":{"rendered":"<p>[vc_row][vc_column][vc_column_text]<\/p>\n<h1>Emploi<\/h1>\n<h2>A la bonne place<\/h2>\n<p>Dans la vie professionnelle, il est parfois temps de passer \u00e0 autre chose. Ne manquez pas cette occasion. Souvent, un premier clic suffit pour mettre en branle toute une s\u00e9rie de choses, ou du moins de bonnes id\u00e9es. Parcourez nos offres d&#8217;emploi actuelles ou jetez un \u0153il \u00e0 la liste des postes vacants dans toute la Suisse au sein de <a href=\"https:\/\/www.planzer.ch\/fr\/karriere\/jobs?book=102&amp;page=2\" target=\"_blank\" rel=\"noopener\">notre groupe.<\/a>[\/vc_column_text][\/vc_column][\/vc_row][vc_row][vc_column][vc_raw_html]JTNDaWZyYW1lJTIwaWQlM0QlMjJqb2Jib2FyZCUyMiUyMHNyYyUzRCUyMmh0dHBzJTNBJTJGJTJGbGl2ZS5zb2xpcXVlLmNoJTJGcGxhbnplciUyRmxlaW1ncnViZXIlMkZmciUzRmhpZGVGaWx0ZXIlM0R0cnVlJTIyJTIwd2lkdGglM0QlMjIxMDAlMjUlMjIlMjBzY3JvbGxpbmclM0QlMjJubyUyMiUyMHN0eWxlJTNEJTIyYm9yZGVyJTNBMCUzQiUyMiUzRSUzQyUyRmlmcmFtZSUzRSUzQ3NjcmlwdCUyMHR5cGUlM0QlMjJ0ZXh0JTJGamF2YXNjcmlwdCUyMiUzRXZhciUyMGpvYmJvYXJkJTIwJTNEJTIwZnVuY3Rpb24lMjAlMjhldmVudCUyOSUyMCU3QiUwQSUyMCUyMCUyMCUyMHZhciUyMGpvYmJvYXJkJTIwJTNEJTIwZG9jdW1lbnQuZ2V0RWxlbWVudEJ5SWQlMjglMjdqb2Jib2FyZCUyNyUyOSUzQiUwQSUyMCUyMCUyMCUyMGlmJTIwJTI4JTIxam9iYm9hcmQlMjklMjByZXR1cm4lM0IlMEElMjAlMjAlMjAlMjB2YXIlMjBoZWlnaHQlMjAlM0QlMjBldmVudC5kYXRhJTdDJTdDJTIwMTQ2NiUzQiUwQSUyMCUyMCUyMCUyMGpvYmJvYXJkLnN0eWxlLmhlaWdodCUyMCUzRCUyMGhlaWdodCUyMCUyQiUyMCUyMnB4JTIyJTNCJTBBJTdEJTNCY29uc3QlMjBpZnJhbWUlMjAlM0QlMjBkb2N1bWVudC5nZXRFbGVtZW50QnlJZCUyOCUyN2pvYmJvYXJkJTI3JTI5JTNCJTBBY29uc3QlMjBpZnJhbWVTcmMlMjAlM0QlMjBuZXclMjBVUkwlMjhpZnJhbWUuc3JjJTI5Lmhvc3RuYW1lJTNCJTBBJTBBY29uc3QlMjBhbGxvd2VkRG9tYWlucyUyMCUzRCUyMCU1QiUyN2xpdmUuc29saXF1ZS5jaCUyNyU1RCUzQiUwQWNvbnN0JTIwdGFyZ2V0T3JpZ2luJTIwJTNEJTIwYWxsb3dlZERvbWFpbnMuaW5jbHVkZXMlMjhpZnJhbWVTcmMlMjklMjAlM0YlMjAlNjBodHRwcyUzQSUyRiUyRiUyNCU3QmlmcmFtZVNyYyU3RCU2MCUyMCUzQSUyMG51bGwlM0IlMEElMEF3aW5kb3cuYWRkRXZlbnRMaXN0ZW5lciUyOCUyN2NsaWNrJTI3JTJDJTIwJTI4ZXZlbnQlMjklMjAlM0QlM0UlMjAlN0IlMEElMjAlMjAlMjAlMjAlMjAlMjAlMjAlMjAlMjAlMjAlMjAlMjAlMjAlMjAlMjAlMjBpZiUyMCUyOHRhcmdldE9yaWdpbiUyMCUyNiUyNiUyMCUyMWlmcmFtZS5jb250YWlucyUyOGV2ZW50LnRhcmdldCUyOSUyOSUyMCU3QiUwQSUyMCUyMCUyMCUyMCUyMCUyMCUyMCUyMCUyMCUyMCUyMCUyMCUyMCUyMCUyMGNvbnN0JTIwbWVzc2FnZSUyMCUzRCUyMCU3QiUyMGRyb3Bkb3duJTNBJTIwJTI3Y2xvc2VEcm9wZG93biUyNyUyMCU3RCUzQiUwQSUyMCUyMCUyMCUyMCUyMCUyMCUyMCUyMCUyMCUyMCUyMCUyMCUyMCUyMCUyMCUyMCUyMCUyMCUyMCUyMCUyMCUyMCUyMCUyMCUyMCUyMCUyMCUyMCUyMCUyMCUyMGlmcmFtZS5jb250ZW50V2luZG93LnBvc3RNZXNzYWdlJTI4bWVzc2FnZSUyQyUyMCUyMiUyQSUyMiUyOSUzQiUwQSUyMCUyMCUyMCUyMCUyMCUyMCUyMCUyMCUyMCUyMCUyMCUyMCUyMCUyMCUyMCU3RCUwQSU3RCUyOSUzQmlmJTIwJTI4d2luZG93LmFkZEV2ZW50TGlzdGVuZXIlMjklMjAlN0IlMEElMjAlMjAlMjAlMjAlMjAlMjAlMjAlMjAlMjAlMjAlMjAlMjAlMjAlMjAlMjAlMjB3aW5kb3cuYWRkRXZlbnRMaXN0ZW5lciUyOCUyMm1lc3NhZ2UlMjIlMkMlMjBqb2Jib2FyZCUyQyUyMGZhbHNlJTI5JTNCJTBBJTdEJTIwZWxzZSUyMGlmJTIwJTI4d2luZG93LmF0dGFjaEV2ZW50JTI5JTIwJTdCJTBBJTIwJTIwJTIwJTIwJTIwJTIwJTIwJTIwJTIwJTIwJTIwJTIwJTIwJTIwJTIwJTIwd2luZG93LmF0dGFjaEV2ZW50JTI4JTIyb25tZXNzYWdlJTIyJTJDJTIwam9iYm9hcmQlMjklM0IlMEElN0QlM0MlMkZzY3JpcHQlM0U=[\/vc_raw_html][\/vc_column][\/vc_row]<\/p>\n","protected":false},"excerpt":{"rendered":"<p>[vc_row][vc_column][vc_column_text] Emploi A la bonne place Dans la vie professionnelle, [&hellip;]<\/p>\n","protected":false},"author":3,"featured_media":0,"parent":921,"menu_order":4,"comment_status":"closed","ping_status":"closed","template":"","meta":{"inline_featured_image":false,"footnotes":""},"_links":{"self":[{"href":"https:\/\/www.paul-leimgruber.ch\/fr\/wp-json\/wp\/v2\/pages\/1032"}],"collection":[{"href":"https:\/\/www.paul-leimgruber.ch\/fr\/wp-json\/wp\/v2\/pages"}],"about":[{"href":"https:\/\/www.paul-leimgruber.ch\/fr\/wp-json\/wp\/v2\/types\/page"}],"author":[{"embeddable":true,"href":"https:\/\/www.paul-leimgruber.ch\/fr\/wp-json\/wp\/v2\/users\/3"}],"replies":[{"embeddable":true,"href":"https:\/\/www.paul-leimgruber.ch\/fr\/wp-json\/wp\/v2\/comments?post=1032"}],"version-history":[{"count":3,"href":"https:\/\/www.paul-leimgruber.ch\/fr\/wp-json\/wp\/v2\/pages\/1032\/revisions"}],"predecessor-version":[{"id":2230,"href":"https:\/\/www.paul-leimgruber.ch\/fr\/wp-json\/wp\/v2\/pages\/1032\/revisions\/2230"}],"up":[{"embeddable":true,"href":"https:\/\/www.paul-leimgruber.ch\/fr\/wp-json\/wp\/v2\/pages\/921"}],"wp:attachment":[{"href":"https:\/\/www.paul-leimgruber.ch\/fr\/wp-json\/wp\/v2\/media?parent=1032"}],"curies":[{"name":"wp","href":"https:\/\/api.w.org\/{rel}","templated":true}]}}